{"id":269,"date":"2020-04-08T07:33:55","date_gmt":"2020-04-08T07:33:55","guid":{"rendered":"https:\/\/bridge352.qodeinteractive.com\/?page_id=186"},"modified":"2022-01-27T23:31:51","modified_gmt":"2022-01-27T23:31:51","slug":"blog","status":"publish","type":"page","link":"https:\/\/fundacjaczassztuki.com\/?page_id=269","title":{"rendered":"Aktualno\u015bci"},"content":{"rendered":"\t\t<div data-elementor-type=\"wp-page\" data-elementor-id=\"269\" class=\"elementor elementor-269\" data-elementor-settings=\"[]\">\n\t\t\t\t\t\t\t<div class=\"elementor-section-wrap\">\n\t\t\t\t\t\t\t<section class=\"elementor-section elementor-top-section elementor-element elementor-element-68239c9a qode_elementor_container_inner elementor-section-boxed elementor-section-height-default elementor-section-height-default parallax_section_no\" data-id=\"68239c9a\" data-element_type=\"section\">\n\t\t\t\t\t\t<div class=\"elementor-container elementor-column-gap-no\">\n\t\t\t\t\t<div class=\"elementor-column elementor-col-100 elementor-top-column elementor-element elementor-element-3dfe7d82\" data-id=\"3dfe7d82\" data-element_type=\"column\">\n\t\t\t<div class=\"elementor-widget-wrap elementor-element-populated\">\n\t\t\t\t\t\t\t\t<div class=\"elementor-element elementor-element-56aedb3a elementor-widget elementor-widget-bridge_masonry_blog\" data-id=\"56aedb3a\" data-element_type=\"widget\" data-widget_type=\"bridge_masonry_blog.default\">\n\t\t\t\t<div class=\"elementor-widget-container\">\n\t\t\t<div class='q_masonry_blog'><div class=\"q_masonry_blog_grid_sizer\"><\/div><div class=\"q_masonry_blog_grid_gutter\"><\/div><article  class='post-1007 post type-post status-publish format-standard has-post-thumbnail hentry category-news '><div class=\"q_masonry_blog_post_image\"><a itemprop=\"url\" href=\"https:\/\/fundacjaczassztuki.com\/?p=1007\" target=\"_self\"><img decoding=\"async\" itemprop=\"image\" src=\"https:\/\/fundacjaczassztuki.com\/wp-content\/uploads\/2022\/01\/ludzie.jpg\" \/><\/a><\/div><div class=\"q_masonry_blog_post_text\"><h5 itemprop=\"name\" class=\"q_masonry_blog_title entry_title\"><a itemprop=\"url\" href=\"https:\/\/fundacjaczassztuki.com\/?p=1007\">Podsumowujemy 2021 rok<\/a><\/h5><p itemprop=\"description\" class=\"q_masonry_blog_excerpt\">Podsumowujemy 2021 rok czyli 4 rok naszej dzia\u0142alno\u015bci! W roku 2021 zorganizowali\u015bmy:&#8211; 8 koncert\u00f3w w...<\/p><div class=\"q_masonry_blog_post_info\"><span itemprop=\"dateCreated\" class=\"time entry_date updated\">30 grudnia, 2021<meta itemprop=\"interactionCount\" content=\"UserComments: <?php echo get_comments_number(qode_get_page_id()); ?>\"\/><\/span><\/div><\/div><\/article><article  class='post-1036 post type-post status-publish format-standard has-post-thumbnail hentry category-news '><div class=\"q_masonry_blog_post_image\"><a itemprop=\"url\" href=\"https:\/\/fundacjaczassztuki.com\/?p=1036\" target=\"_self\"><img decoding=\"async\" itemprop=\"image\" src=\"https:\/\/fundacjaczassztuki.com\/wp-content\/uploads\/2022\/01\/medal.jpg\" \/><\/a><\/div><div class=\"q_masonry_blog_post_text\"><h5 itemprop=\"name\" class=\"q_masonry_blog_title entry_title\"><a itemprop=\"url\" href=\"https:\/\/fundacjaczassztuki.com\/?p=1036\">Chwalimy si\u0119! Mamy medal!<\/a><\/h5><p itemprop=\"description\" class=\"q_masonry_blog_excerpt\">Ten rok by\u0142 wyj\u0105tkowy dla Powiatu Mi\u0144skiego, gdy\u017c otrzyma\u0142 on zaszczytny tytu\u0142 Stolicy Kultury Mazowsza....<\/p><div class=\"q_masonry_blog_post_info\"><span itemprop=\"dateCreated\" class=\"time entry_date updated\">03 grudnia, 2021<meta itemprop=\"interactionCount\" content=\"UserComments: <?php echo get_comments_number(qode_get_page_id()); ?>\"\/><\/span><\/div><\/div><\/article><article  class='post-1271 post type-post status-publish format-standard has-post-thumbnail hentry category-news '><div class=\"q_masonry_blog_post_image\"><a itemprop=\"url\" href=\"https:\/\/fundacjaczassztuki.com\/?p=1271\" target=\"_self\"><img decoding=\"async\" itemprop=\"image\" src=\"https:\/\/fundacjaczassztuki.com\/wp-content\/uploads\/2022\/01\/muzyka-kobiet-xx-w.jpg\" \/><\/a><\/div><div class=\"q_masonry_blog_post_text\"><h5 itemprop=\"name\" class=\"q_masonry_blog_title entry_title\"><a itemprop=\"url\" href=\"https:\/\/fundacjaczassztuki.com\/?p=1271\">P\u0142yta: Muzyka Kobiet XXI wieku<\/a><\/h5><p itemprop=\"description\" class=\"q_masonry_blog_excerpt\">Premiera p\u0142yty Muzyka Kobiet XXI wieku 30.12.2021 r! P\u0142yta Muzyka Kobiet XXI wieku powsta\u0142a z inicjatywy Za...<\/p><div class=\"q_masonry_blog_post_info\"><span itemprop=\"dateCreated\" class=\"time entry_date updated\">29 listopada, 2021<meta itemprop=\"interactionCount\" content=\"UserComments: <?php echo get_comments_number(qode_get_page_id()); ?>\"\/><\/span><\/div><\/div><\/article><article  class='post-407 post type-post status-publish format-standard has-post-thumbnail hentry category-news '><div class=\"q_masonry_blog_post_image\"><a itemprop=\"url\" href=\"https:\/\/fundacjaczassztuki.com\/?p=407\" target=\"_self\"><img decoding=\"async\" itemprop=\"image\" src=\"https:\/\/fundacjaczassztuki.com\/wp-content\/uploads\/2021\/12\/home2.png\" \/><\/a><\/div><div class=\"q_masonry_blog_post_text\"><h5 itemprop=\"name\" class=\"q_masonry_blog_title entry_title\"><a itemprop=\"url\" href=\"https:\/\/fundacjaczassztuki.com\/?p=407\">Nowa Strona Fundacji<\/a><\/h5><p itemprop=\"description\" class=\"q_masonry_blog_excerpt\">Dzisiaj \u015bwiat\u0142o dzienne ujrza\u0142a nasza strona internetowa, dzi\u0119ki kt\u00f3rej chcemy dotrze\u0107 do nowych odbiorc...<\/p><div class=\"q_masonry_blog_post_info\"><span itemprop=\"dateCreated\" class=\"time entry_date updated\">22 listopada, 2021<meta itemprop=\"interactionCount\" content=\"UserComments: <?php echo get_comments_number(qode_get_page_id()); ?>\"\/><\/span><\/div><\/div><\/article><\/div>\t\t<\/div>\n\t\t\t\t<\/div>\n\t\t\t\t\t<\/div>\n\t\t<\/div>\n\t\t\t\t\t\t\t<\/div>\n\t\t<\/section>\n\t\t\t\t\t\t<\/div>\n\t\t\t\t\t<\/div>\n\t\t","protected":false},"excerpt":{"rendered":"<p>Podsumowujemy 2021 rok Podsumowujemy 2021 rok czyli 4 rok naszej dzia\u0142alno\u015bci! W roku 2021 zorganizowali\u015bmy: &#8211; 8 koncert\u00f3w &#8230; 30 grudnia, 2021<\/p>\n","protected":false},"author":1,"featured_media":0,"parent":0,"menu_order":0,"comment_status":"closed","ping_status":"closed","template":"full_width.php","meta":{"footnotes":""},"class_list":["post-269","page","type-page","status-publish","hentry"],"yoast_head":"<!-- This site is optimized with the Yoast SEO plugin v18.0 - https:\/\/yoast.com\/wordpress\/plugins\/seo\/ -->\n<title>Aktualno\u015bci - Fundacja Czas Sztuki<\/title>\n<meta name=\"robots\" content=\"index, follow, max-snippet:-1, max-image-preview:large, max-video-preview:-1\" \/>\n<link rel=\"canonical\" href=\"https:\/\/fundacjaczassztuki.com\/?page_id=269\" \/>\n<meta property=\"og:locale\" content=\"pl_PL\" \/>\n<meta property=\"og:type\" content=\"article\" \/>\n<meta property=\"og:title\" content=\"Aktualno\u015bci - Fundacja Czas Sztuki\" \/>\n<meta property=\"og:description\" content=\"Podsumowujemy 2021 rok Podsumowujemy 2021 rok czyli 4 rok naszej dzia\u0142alno\u015bci! W roku 2021 zorganizowali\u015bmy: &#8211; 8 koncert\u00f3w &#8230; 30 grudnia, 2021\" \/>\n<meta property=\"og:url\" content=\"https:\/\/fundacjaczassztuki.com\/?page_id=269\" \/>\n<meta property=\"og:site_name\" content=\"Fundacja Czas Sztuki\" \/>\n<meta property=\"article:publisher\" content=\"https:\/\/www.facebook.com\/fundacjaczassztuki\" \/>\n<meta property=\"article:modified_time\" content=\"2022-01-27T23:31:51+00:00\" \/>\n<meta property=\"og:image\" content=\"https:\/\/fundacjaczassztuki.com\/wp-content\/uploads\/2022\/01\/ludzie.jpg\" \/>\n<meta name=\"twitter:card\" content=\"summary_large_image\" \/>\n<script type=\"application\/ld+json\" class=\"yoast-schema-graph\">{\"@context\":\"https:\/\/schema.org\",\"@graph\":[{\"@type\":\"WebSite\",\"@id\":\"https:\/\/fundacjaczassztuki.com\/#website\",\"url\":\"https:\/\/fundacjaczassztuki.com\/\",\"name\":\"Fundacja Czas Sztuki\",\"description\":\"Kultura Blisko Ciebie!\",\"potentialAction\":[{\"@type\":\"SearchAction\",\"target\":{\"@type\":\"EntryPoint\",\"urlTemplate\":\"https:\/\/fundacjaczassztuki.com\/?s={search_term_string}\"},\"query-input\":\"required name=search_term_string\"}],\"inLanguage\":\"pl-PL\"},{\"@type\":\"ImageObject\",\"@id\":\"https:\/\/fundacjaczassztuki.com\/?page_id=269#primaryimage\",\"inLanguage\":\"pl-PL\",\"url\":\"https:\/\/fundacjaczassztuki.com\/wp-content\/uploads\/2022\/01\/ludzie.jpg\",\"contentUrl\":\"https:\/\/fundacjaczassztuki.com\/wp-content\/uploads\/2022\/01\/ludzie.jpg\",\"width\":2048,\"height\":1365},{\"@type\":\"WebPage\",\"@id\":\"https:\/\/fundacjaczassztuki.com\/?page_id=269#webpage\",\"url\":\"https:\/\/fundacjaczassztuki.com\/?page_id=269\",\"name\":\"Aktualno\u015bci - Fundacja Czas Sztuki\",\"isPartOf\":{\"@id\":\"https:\/\/fundacjaczassztuki.com\/#website\"},\"primaryImageOfPage\":{\"@id\":\"https:\/\/fundacjaczassztuki.com\/?page_id=269#primaryimage\"},\"datePublished\":\"2020-04-08T07:33:55+00:00\",\"dateModified\":\"2022-01-27T23:31:51+00:00\",\"breadcrumb\":{\"@id\":\"https:\/\/fundacjaczassztuki.com\/?page_id=269#breadcrumb\"},\"inLanguage\":\"pl-PL\",\"potentialAction\":[{\"@type\":\"ReadAction\",\"target\":[\"https:\/\/fundacjaczassztuki.com\/?page_id=269\"]}]},{\"@type\":\"BreadcrumbList\",\"@id\":\"https:\/\/fundacjaczassztuki.com\/?page_id=269#breadcrumb\",\"itemListElement\":[{\"@type\":\"ListItem\",\"position\":1,\"name\":\"Strona g\u0142\u00f3wna\",\"item\":\"https:\/\/fundacjaczassztuki.com\/\"},{\"@type\":\"ListItem\",\"position\":2,\"name\":\"Aktualno\u015bci\"}]}]}<\/script>\n<!-- \/ Yoast SEO plugin. -->","yoast_head_json":{"title":"Aktualno\u015bci - Fundacja Czas Sztuki","robots":{"index":"index","follow":"follow","max-snippet":"max-snippet:-1","max-image-preview":"max-image-preview:large","max-video-preview":"max-video-preview:-1"},"canonical":"https:\/\/fundacjaczassztuki.com\/?page_id=269","og_locale":"pl_PL","og_type":"article","og_title":"Aktualno\u015bci - Fundacja Czas Sztuki","og_description":"Podsumowujemy 2021 rok Podsumowujemy 2021 rok czyli 4 rok naszej dzia\u0142alno\u015bci! W roku 2021 zorganizowali\u015bmy: &#8211; 8 koncert\u00f3w &#8230; 30 grudnia, 2021","og_url":"https:\/\/fundacjaczassztuki.com\/?page_id=269","og_site_name":"Fundacja Czas Sztuki","article_publisher":"https:\/\/www.facebook.com\/fundacjaczassztuki","article_modified_time":"2022-01-27T23:31:51+00:00","og_image":[{"url":"https:\/\/fundacjaczassztuki.com\/wp-content\/uploads\/2022\/01\/ludzie.jpg"}],"twitter_card":"summary_large_image","schema":{"@context":"https:\/\/schema.org","@graph":[{"@type":"WebSite","@id":"https:\/\/fundacjaczassztuki.com\/#website","url":"https:\/\/fundacjaczassztuki.com\/","name":"Fundacja Czas Sztuki","description":"Kultura Blisko Ciebie!","potentialAction":[{"@type":"SearchAction","target":{"@type":"EntryPoint","urlTemplate":"https:\/\/fundacjaczassztuki.com\/?s={search_term_string}"},"query-input":"required name=search_term_string"}],"inLanguage":"pl-PL"},{"@type":"ImageObject","@id":"https:\/\/fundacjaczassztuki.com\/?page_id=269#primaryimage","inLanguage":"pl-PL","url":"https:\/\/fundacjaczassztuki.com\/wp-content\/uploads\/2022\/01\/ludzie.jpg","contentUrl":"https:\/\/fundacjaczassztuki.com\/wp-content\/uploads\/2022\/01\/ludzie.jpg","width":2048,"height":1365},{"@type":"WebPage","@id":"https:\/\/fundacjaczassztuki.com\/?page_id=269#webpage","url":"https:\/\/fundacjaczassztuki.com\/?page_id=269","name":"Aktualno\u015bci - Fundacja Czas Sztuki","isPartOf":{"@id":"https:\/\/fundacjaczassztuki.com\/#website"},"primaryImageOfPage":{"@id":"https:\/\/fundacjaczassztuki.com\/?page_id=269#primaryimage"},"datePublished":"2020-04-08T07:33:55+00:00","dateModified":"2022-01-27T23:31:51+00:00","breadcrumb":{"@id":"https:\/\/fundacjaczassztuki.com\/?page_id=269#breadcrumb"},"inLanguage":"pl-PL","potentialAction":[{"@type":"ReadAction","target":["https:\/\/fundacjaczassztuki.com\/?page_id=269"]}]},{"@type":"BreadcrumbList","@id":"https:\/\/fundacjaczassztuki.com\/?page_id=269#breadcrumb","itemListElement":[{"@type":"ListItem","position":1,"name":"Strona g\u0142\u00f3wna","item":"https:\/\/fundacjaczassztuki.com\/"},{"@type":"ListItem","position":2,"name":"Aktualno\u015bci"}]}]}},"_links":{"self":[{"href":"https:\/\/fundacjaczassztuki.com\/index.php?rest_route=\/wp\/v2\/pages\/269","targetHints":{"allow":["GET"]}}],"collection":[{"href":"https:\/\/fundacjaczassztuki.com\/index.php?rest_route=\/wp\/v2\/pages"}],"about":[{"href":"https:\/\/fundacjaczassztuki.com\/index.php?rest_route=\/wp\/v2\/types\/page"}],"author":[{"embeddable":true,"href":"https:\/\/fundacjaczassztuki.com\/index.php?rest_route=\/wp\/v2\/users\/1"}],"replies":[{"embeddable":true,"href":"https:\/\/fundacjaczassztuki.com\/index.php?rest_route=%2Fwp%2Fv2%2Fcomments&post=269"}],"version-history":[{"count":4,"href":"https:\/\/fundacjaczassztuki.com\/index.php?rest_route=\/wp\/v2\/pages\/269\/revisions"}],"predecessor-version":[{"id":1035,"href":"https:\/\/fundacjaczassztuki.com\/index.php?rest_route=\/wp\/v2\/pages\/269\/revisions\/1035"}],"wp:attachment":[{"href":"https:\/\/fundacjaczassztuki.com\/index.php?rest_route=%2Fwp%2Fv2%2Fmedia&parent=269"}],"curies":[{"name":"wp","href":"https:\/\/api.w.org\/{rel}","templated":true}]}}